{"id":645,"date":"2019-02-08T17:19:37","date_gmt":"2019-02-08T17:19:37","guid":{"rendered":"http:\/\/maipo.biz\/?page_id=645"},"modified":"2025-03-04T11:17:46","modified_gmt":"2025-03-04T10:17:46","slug":"enviar-imagenes","status":"publish","type":"page","link":"https:\/\/maipo.biz\/index.php\/enviar-imagenes\/","title":{"rendered":"Env\u00edo de Fotos"},"content":{"rendered":"\n<p><\/p>\n\n\n\n<p>P\u00e1gina para env\u00edo de fotos a la imprenta FineArt de <a href=\"https:\/\/maipo.biz\">Maipo <\/a>foto estudio.<\/p>\n\n\n<div id=\"pl-gb645-69f1d077a1fec\"  class=\"panel-layout wp-block-siteorigin-panels-layout-block\" ><div id=\"pg-gb645-69f1d077a1fec-0\"  class=\"panel-grid panel-no-style\" ><div id=\"pgc-gb645-69f1d077a1fec-0-0\"  class=\"panel-grid-cell\" ><div id=\"panel-gb645-69f1d077a1fec-0-0-0\" class=\"so-panel widget widget_sow-editor panel-first-child panel-last-child\" data-index=\"0\" ><div\n\t\t\t\n\t\t\tclass=\"so-widget-sow-editor so-widget-sow-editor-base\"\n\t\t\t\n\t\t>\n<div class=\"siteorigin-widget-tinymce textwidget\">\n\t\n<link href=\"https:\/\/maipo.biz\/wp-content\/plugins\/maipo\/inicio.css\" type=\"text\/css\" rel=\"stylesheet\"\/>\n<h6>Selecciona fotos:<\/h6>\n\n<form action=\"https:\/\/maipo.biz\/index.php\/enviar-imagenes\" method=\"post\" name=\"fileForm\" enctype=\"multipart\/form-data\">\n\n\t<input type=\"hidden\" name=\"MAX_FILE_SIZE\" value=\"629145600\">\n\t<input type=\"file\" name=\"imageURL[]\" id=\"imageURL\" multiple=\"multiple\" \/>\n\t<br>\n\n\t<p>Unidades:\n\t<select name=\"numero\">\n\t<option value=\"1\">1<\/option>\n\t<option value=\"2\">2<\/option>\n\t<option value=\"3\">3<\/option>\n\t<option value=\"4\">4<\/option>\n\t<option value=\"5\">5<\/option>\n\t<option value=\"6\">6<\/option>\n\t<option value=\"7\">7<\/option>\n\t<option value=\"8\">8<\/option>\n\t<option value=\"9\">9<\/option>\n\t<\/select>\n\t<\/p><br>\n\n\t<input  type='submit' name='submitBtn' value='Enviar fotos'>\n\t<\/form>\n\t\t<div id=\"errors\">\n\t\t\t\t\t\t<\/div>\n\n\n<\/div>\n<\/div><\/div><\/div><div id=\"pgc-gb645-69f1d077a1fec-0-1\"  class=\"panel-grid-cell\" ><div id=\"panel-gb645-69f1d077a1fec-0-1-0\" class=\"so-panel widget widget_sow-editor panel-first-child panel-last-child\" data-index=\"1\" ><div\n\t\t\t\n\t\t\tclass=\"so-widget-sow-editor so-widget-sow-editor-base\"\n\t\t\t\n\t\t>\n<div class=\"siteorigin-widget-tinymce textwidget\">\n\t\t\t\n\t\t<header>\n\t\t<h6>Tus preferencias:<\/h6>\n\t\t<p>Soporte: Papel brillo<\/p>\n\t\t<p>Cent\u00edmetros: 9&#215;13 cm<\/p>\n\t\t<p>Pugadas: 3.5&#215;5.5in<\/p>\n\t\t<p>Precio: 0.35 EUR<\/p>\n\t\t<div class='barse1'>\n\t\t<a  href='https:\/\/maipo.biz\/index.php\/impresion-fineart'><button>Cambiar preferencias<\/button><\/a>\n\t\t<\/div>\n\t\t<\/header>\n<\/div>\n<\/div><\/div><\/div><div id=\"pgc-gb645-69f1d077a1fec-0-2\"  class=\"panel-grid-cell\" ><div id=\"panel-gb645-69f1d077a1fec-0-2-0\" class=\"so-panel widget widget_sow-editor panel-first-child panel-last-child\" data-index=\"2\" ><div\n\t\t\t\n\t\t\tclass=\"so-widget-sow-editor so-widget-sow-editor-base\"\n\t\t\t\n\t\t>\n<div class=\"siteorigin-widget-tinymce textwidget\">\n\t\n<\/div>\n<\/div><\/div><\/div><\/div><\/div>\n\n\n<p><\/p>\n","protected":false},"excerpt":{"rendered":"<p>P\u00e1gina para env\u00edo de fotos a la imprenta FineArt de Maipo foto estudio.<\/p>\n","protected":false},"author":2,"featured_media":0,"parent":0,"menu_order":0,"comment_status":"closed","ping_status":"closed","template":"","meta":{"footnotes":""},"class_list":["post-645","page","type-page","status-publish","hentry","post"],"yoast_head":"<!-- This site is optimized with the Yoast SEO plugin v27.1.1 - https:\/\/yoast.com\/product\/yoast-seo-wordpress\/ -->\n<title>Env\u00edo de Fotos - Maipo<\/title>\n<meta name=\"description\" content=\"P\u00e1gina para env\u00edo de fotos. En esta web puedes enviar tus fotos para imprimirlas en Maipo foto estudio con calidad FineArt.\" \/>\n<meta name=\"robots\" content=\"index, follow, max-snippet:-1, max-image-preview:large, max-video-preview:-1\" \/>\n<link rel=\"canonical\" href=\"https:\/\/maipo.biz\/index.php\/enviar-imagenes\/\" \/>\n<meta property=\"og:locale\" content=\"es_ES\" \/>\n<meta property=\"og:type\" content=\"article\" \/>\n<meta property=\"og:title\" content=\"Env\u00edo de Fotos - Maipo\" \/>\n<meta property=\"og:description\" content=\"P\u00e1gina para env\u00edo de fotos. En esta web puedes enviar tus fotos para imprimirlas en Maipo foto estudio con calidad FineArt.\" \/>\n<meta property=\"og:url\" content=\"https:\/\/maipo.biz\/index.php\/enviar-imagenes\/\" \/>\n<meta property=\"og:site_name\" content=\"Maipo\" \/>\n<meta property=\"article:modified_time\" content=\"2025-03-04T10:17:46+00:00\" \/>\n<meta name=\"twitter:card\" content=\"summary_large_image\" \/>\n<meta name=\"twitter:label1\" content=\"Tiempo de lectura\" \/>\n\t<meta name=\"twitter:data1\" content=\"1 minuto\" \/>\n<script type=\"application\/ld+json\" class=\"yoast-schema-graph\">{\"@context\":\"https:\/\/schema.org\",\"@graph\":[{\"@type\":\"WebPage\",\"@id\":\"https:\/\/maipo.biz\/index.php\/enviar-imagenes\/\",\"url\":\"https:\/\/maipo.biz\/index.php\/enviar-imagenes\/\",\"name\":\"Env\u00edo de Fotos - Maipo\",\"isPartOf\":{\"@id\":\"https:\/\/maipo.biz\/#website\"},\"datePublished\":\"2019-02-08T17:19:37+00:00\",\"dateModified\":\"2025-03-04T10:17:46+00:00\",\"description\":\"P\u00e1gina para env\u00edo de fotos. En esta web puedes enviar tus fotos para imprimirlas en Maipo foto estudio con calidad FineArt.\",\"breadcrumb\":{\"@id\":\"https:\/\/maipo.biz\/index.php\/enviar-imagenes\/#breadcrumb\"},\"inLanguage\":\"es\",\"potentialAction\":[{\"@type\":\"ReadAction\",\"target\":[\"https:\/\/maipo.biz\/index.php\/enviar-imagenes\/\"]}]},{\"@type\":\"BreadcrumbList\",\"@id\":\"https:\/\/maipo.biz\/index.php\/enviar-imagenes\/#breadcrumb\",\"itemListElement\":[{\"@type\":\"ListItem\",\"position\":1,\"name\":\"Portada\",\"item\":\"https:\/\/maipo.biz\/\"},{\"@type\":\"ListItem\",\"position\":2,\"name\":\"Env\u00edo de Fotos\"}]},{\"@type\":\"WebSite\",\"@id\":\"https:\/\/maipo.biz\/#website\",\"url\":\"https:\/\/maipo.biz\/\",\"name\":\"Maipo\",\"description\":\"Impresi\u00f3n de fotos\",\"publisher\":{\"@id\":\"https:\/\/maipo.biz\/#\/schema\/person\/5ba6bc30f56ff1fbaa4921a50b2ec4e5\"},\"potentialAction\":[{\"@type\":\"SearchAction\",\"target\":{\"@type\":\"EntryPoint\",\"urlTemplate\":\"https:\/\/maipo.biz\/?s={search_term_string}\"},\"query-input\":{\"@type\":\"PropertyValueSpecification\",\"valueRequired\":true,\"valueName\":\"search_term_string\"}}],\"inLanguage\":\"es\"},{\"@type\":[\"Person\",\"Organization\"],\"@id\":\"https:\/\/maipo.biz\/#\/schema\/person\/5ba6bc30f56ff1fbaa4921a50b2ec4e5\",\"name\":\"H\u00e9ctor\",\"image\":{\"@type\":\"ImageObject\",\"inLanguage\":\"es\",\"@id\":\"https:\/\/maipo.biz\/#\/schema\/person\/image\/\",\"url\":\"https:\/\/maipo.biz\/wp-content\/uploads\/2024\/11\/cropped-logomaipolargo.png\",\"contentUrl\":\"https:\/\/maipo.biz\/wp-content\/uploads\/2024\/11\/cropped-logomaipolargo.png\",\"width\":1000,\"height\":285,\"caption\":\"H\u00e9ctor\"},\"logo\":{\"@id\":\"https:\/\/maipo.biz\/#\/schema\/person\/image\/\"}}]}<\/script>\n<!-- \/ Yoast SEO plugin. -->","yoast_head_json":{"title":"Env\u00edo de Fotos - Maipo","description":"P\u00e1gina para env\u00edo de fotos. En esta web puedes enviar tus fotos para imprimirlas en Maipo foto estudio con calidad FineArt.","robots":{"index":"index","follow":"follow","max-snippet":"max-snippet:-1","max-image-preview":"max-image-preview:large","max-video-preview":"max-video-preview:-1"},"canonical":"https:\/\/maipo.biz\/index.php\/enviar-imagenes\/","og_locale":"es_ES","og_type":"article","og_title":"Env\u00edo de Fotos - Maipo","og_description":"P\u00e1gina para env\u00edo de fotos. En esta web puedes enviar tus fotos para imprimirlas en Maipo foto estudio con calidad FineArt.","og_url":"https:\/\/maipo.biz\/index.php\/enviar-imagenes\/","og_site_name":"Maipo","article_modified_time":"2025-03-04T10:17:46+00:00","twitter_card":"summary_large_image","twitter_misc":{"Tiempo de lectura":"1 minuto"},"schema":{"@context":"https:\/\/schema.org","@graph":[{"@type":"WebPage","@id":"https:\/\/maipo.biz\/index.php\/enviar-imagenes\/","url":"https:\/\/maipo.biz\/index.php\/enviar-imagenes\/","name":"Env\u00edo de Fotos - Maipo","isPartOf":{"@id":"https:\/\/maipo.biz\/#website"},"datePublished":"2019-02-08T17:19:37+00:00","dateModified":"2025-03-04T10:17:46+00:00","description":"P\u00e1gina para env\u00edo de fotos. En esta web puedes enviar tus fotos para imprimirlas en Maipo foto estudio con calidad FineArt.","breadcrumb":{"@id":"https:\/\/maipo.biz\/index.php\/enviar-imagenes\/#breadcrumb"},"inLanguage":"es","potentialAction":[{"@type":"ReadAction","target":["https:\/\/maipo.biz\/index.php\/enviar-imagenes\/"]}]},{"@type":"BreadcrumbList","@id":"https:\/\/maipo.biz\/index.php\/enviar-imagenes\/#breadcrumb","itemListElement":[{"@type":"ListItem","position":1,"name":"Portada","item":"https:\/\/maipo.biz\/"},{"@type":"ListItem","position":2,"name":"Env\u00edo de Fotos"}]},{"@type":"WebSite","@id":"https:\/\/maipo.biz\/#website","url":"https:\/\/maipo.biz\/","name":"Maipo","description":"Impresi\u00f3n de fotos","publisher":{"@id":"https:\/\/maipo.biz\/#\/schema\/person\/5ba6bc30f56ff1fbaa4921a50b2ec4e5"},"potentialAction":[{"@type":"SearchAction","target":{"@type":"EntryPoint","urlTemplate":"https:\/\/maipo.biz\/?s={search_term_string}"},"query-input":{"@type":"PropertyValueSpecification","valueRequired":true,"valueName":"search_term_string"}}],"inLanguage":"es"},{"@type":["Person","Organization"],"@id":"https:\/\/maipo.biz\/#\/schema\/person\/5ba6bc30f56ff1fbaa4921a50b2ec4e5","name":"H\u00e9ctor","image":{"@type":"ImageObject","inLanguage":"es","@id":"https:\/\/maipo.biz\/#\/schema\/person\/image\/","url":"https:\/\/maipo.biz\/wp-content\/uploads\/2024\/11\/cropped-logomaipolargo.png","contentUrl":"https:\/\/maipo.biz\/wp-content\/uploads\/2024\/11\/cropped-logomaipolargo.png","width":1000,"height":285,"caption":"H\u00e9ctor"},"logo":{"@id":"https:\/\/maipo.biz\/#\/schema\/person\/image\/"}}]}},"_links":{"self":[{"href":"https:\/\/maipo.biz\/index.php\/wp-json\/wp\/v2\/pages\/645","targetHints":{"allow":["GET"]}}],"collection":[{"href":"https:\/\/maipo.biz\/index.php\/wp-json\/wp\/v2\/pages"}],"about":[{"href":"https:\/\/maipo.biz\/index.php\/wp-json\/wp\/v2\/types\/page"}],"author":[{"embeddable":true,"href":"https:\/\/maipo.biz\/index.php\/wp-json\/wp\/v2\/users\/2"}],"replies":[{"embeddable":true,"href":"https:\/\/maipo.biz\/index.php\/wp-json\/wp\/v2\/comments?post=645"}],"version-history":[{"count":0,"href":"https:\/\/maipo.biz\/index.php\/wp-json\/wp\/v2\/pages\/645\/revisions"}],"wp:attachment":[{"href":"https:\/\/maipo.biz\/index.php\/wp-json\/wp\/v2\/media?parent=645"}],"curies":[{"name":"wp","href":"https:\/\/api.w.org\/{rel}","templated":true}]}}