{"id":655,"date":"2019-02-08T17:24:19","date_gmt":"2019-02-08T17:24:19","guid":{"rendered":"http:\/\/maipo.biz\/?page_id=655"},"modified":"2025-03-03T17:19:35","modified_gmt":"2025-03-03T16:19:35","slug":"impresion-en-papel-lienzo","status":"publish","type":"page","link":"https:\/\/maipo.biz\/index.php\/impresion-en-papel-lienzo\/","title":{"rendered":"Impresi\u00f3n en papel lienzo de algod\u00f3n"},"content":{"rendered":"\n<p>Elige tama\u00f1o para la impresi\u00f3n en papel lienzo<\/p>\n\n\n<div id=\"pl-gb655-69e05fc4c9aa9\"  class=\"panel-layout\" ><div id=\"pg-gb655-69e05fc4c9aa9-0\"  class=\"panel-grid panel-no-style\" ><div id=\"pgc-gb655-69e05fc4c9aa9-0-0\"  class=\"panel-grid-cell\" ><div id=\"panel-gb655-69e05fc4c9aa9-0-0-0\" class=\"so-panel widget widget_sow-editor panel-first-child panel-last-child\" data-index=\"0\" ><div\n\t\t\t\n\t\t\tclass=\"so-widget-sow-editor so-widget-sow-editor-base\"\n\t\t\t\n\t\t>\n<div class=\"siteorigin-widget-tinymce textwidget\">\n\t<p>Estandar<\/p><link href='https:\/\/maipo.biz\/wp-content\/plugins\/maipo\/inicio.css' type='text\/css' rel='stylesheet'\/><a href='https:\/\/maipo.biz\/index.php\/enviar-imagenes?c=1401&#038;m=si' ><button id='button1'>9&#215;13 cm &#8211; 0.59 \u20ac<\/button><\/a><br\/> \n<a href='https:\/\/maipo.biz\/index.php\/enviar-imagenes?c=1402&#038;m=si' ><button id='button1'>10&#215;15 cm &#8211; 0.75 \u20ac<\/button><\/a><br\/> \n<a href='https:\/\/maipo.biz\/index.php\/enviar-imagenes?c=1403&#038;m=si' ><button id='button1'>13&#215;18 cm &#8211; 1.2 \u20ac<\/button><\/a><br\/> \n<a href='https:\/\/maipo.biz\/index.php\/enviar-imagenes?c=1404&#038;m=si' ><button id='button1'>20&#215;15 cm &#8211; 1.5 \u20ac<\/button><\/a><br\/> \n<a href='https:\/\/maipo.biz\/index.php\/enviar-imagenes?c=1405&#038;m=si' ><button id='button1'>18&#215;24 cm &#8211; 2.15 \u20ac<\/button><\/a><br\/> \n<a href='https:\/\/maipo.biz\/index.php\/enviar-imagenes?c=1406&#038;m=si' ><button id='button1'>20&#215;25 cm &#8211; 2.5 \u20ac<\/button><\/a><br\/> \n<a href='https:\/\/maipo.biz\/index.php\/enviar-imagenes?c=1407&#038;m=si' ><button id='button1'>24&#215;30 cm &#8211; 3.6 \u20ac<\/button><\/a><br\/> \n<a href='https:\/\/maipo.biz\/index.php\/enviar-imagenes?c=1408&#038;m=si' ><button id='button1'>25&#215;30 cm &#8211; 3.75 \u20ac<\/button><\/a><br\/> \n<a href='https:\/\/maipo.biz\/index.php\/enviar-imagenes?c=1409&#038;m=si' ><button id='button1'>30&#215;40 cm &#8211; 6 \u20ac<\/button><\/a><br\/> \n<a href='https:\/\/maipo.biz\/index.php\/enviar-imagenes?c=1410&#038;m=si' ><button id='button1'>40&#215;50 cm &#8211; 10 \u20ac<\/button><\/a><br\/> \n<a href='https:\/\/maipo.biz\/index.php\/enviar-imagenes?c=1411&#038;m=si' ><button id='button1'>50&#215;60 cm &#8211; 15 \u20ac<\/button><\/a><br\/> \n<a href='https:\/\/maipo.biz\/index.php\/enviar-imagenes?c=1412&#038;m=si' ><button id='button1'>50&#215;70 cm &#8211; 17.5 \u20ac<\/button><\/a><br\/> \n\n\n\n\n<\/div>\n<\/div><\/div><\/div><div id=\"pgc-gb655-69e05fc4c9aa9-0-1\"  class=\"panel-grid-cell\" ><div id=\"panel-gb655-69e05fc4c9aa9-0-1-0\" class=\"so-panel widget widget_sow-editor panel-first-child panel-last-child\" data-index=\"1\" ><div\n\t\t\t\n\t\t\tclass=\"so-widget-sow-editor so-widget-sow-editor-base\"\n\t\t\t\n\t\t>\n<div class=\"siteorigin-widget-tinymce textwidget\">\n\t<p>3:2<\/p><link href='https:\/\/maipo.biz\/wp-content\/plugins\/maipo\/inicio.css' type='text\/css' rel='stylesheet'\/><a href='https:\/\/maipo.biz\/index.php\/enviar-imagenes?c=6401&#038;m=si'><button id='button1'>12&#215;18 cm &#8211; 0.97 \u20ac<\/button><\/a><br\/> \n<a href='https:\/\/maipo.biz\/index.php\/enviar-imagenes?c=6402&#038;m=si'><button id='button1'>20&#215;30 cm &#8211; 2.7 \u20ac<\/button><\/a><br\/> \n<a href='https:\/\/maipo.biz\/index.php\/enviar-imagenes?c=6403&#038;m=si'><button id='button1'>30&#215;45 cm &#8211; 6 \u20ac<\/button><\/a><br\/> \n<a href='https:\/\/maipo.biz\/index.php\/enviar-imagenes?c=6404&#038;m=si'><button id='button1'>40&#215;60 cm &#8211; 10.8 \u20ac<\/button><\/a><br\/> \n\n\n\n\n<p>Cuadrado<\/p><link href='https:\/\/maipo.biz\/wp-content\/plugins\/maipo\/inicio.css' type='text\/css' rel='stylesheet'\/><a href='https:\/\/maipo.biz\/index.php\/enviar-imagenes?c=2401&#038;m=si'><button id='button1'>10&#215;10 cm &#8211; 0.5 \u20ac<\/button><\/a><br\/> \n<a href='https:\/\/maipo.biz\/index.php\/enviar-imagenes?c=2402&#038;m=si'><button id='button1'>18&#215;18 cm &#8211; 1.6 \u20ac<\/button><\/a><br\/> \n<a href='https:\/\/maipo.biz\/index.php\/enviar-imagenes?c=2403&#038;m=si'><button id='button1'>20&#215;20 cm &#8211; 2 \u20ac<\/button><\/a><br\/> \n<a href='https:\/\/maipo.biz\/index.php\/enviar-imagenes?c=2404&#038;m=si'><button id='button1'>30&#215;30 cm &#8211; 4.5 \u20ac<\/button><\/a><br\/> \n<a href='https:\/\/maipo.biz\/index.php\/enviar-imagenes?c=2405&#038;m=si'><button id='button1'>60&#215;60 cm &#8211; 18 \u20ac<\/button><\/a><br\/> \n\n\n\n\n<\/div>\n<\/div><\/div><\/div><div id=\"pgc-gb655-69e05fc4c9aa9-0-2\"  class=\"panel-grid-cell\" ><div id=\"panel-gb655-69e05fc4c9aa9-0-2-0\" class=\"so-panel widget widget_sow-editor panel-first-child panel-last-child\" data-index=\"2\" ><div\n\t\t\t\n\t\t\tclass=\"so-widget-sow-editor so-widget-sow-editor-base\"\n\t\t\t\n\t\t>\n<div class=\"siteorigin-widget-tinymce textwidget\">\n\t<p>Panor\u00e1mico<\/p><a href='https:\/\/maipo.biz\/index.php\/enviar-imagenes?c=3401&#038;m=si'><button id='button1'>10&#215;18 cm &#8211; 0.9 \u20ac<\/button><\/a><br\/> \n<a href='https:\/\/maipo.biz\/index.php\/enviar-imagenes?c=3402&#038;m=si'><button id='button1'>18&#215;32 cm &#8211; 2.85 \u20ac<\/button><\/a><br\/> \n<a href='https:\/\/maipo.biz\/index.php\/enviar-imagenes?c=3404&#038;m=si'><button id='button1'>30&#215;53 cm &#8211; 7.95 \u20ac<\/button><\/a><br\/> \n<a href='https:\/\/maipo.biz\/index.php\/enviar-imagenes?c=3405&#038;m=si'><button id='button1'>60&#215;107 cm &#8211; 32.1 \u20ac<\/button><\/a><br\/> \n\n\n\n\n\n<p>4:3<\/p><link href='https:\/\/maipo.biz\/wp-content\/plugins\/maipo\/inicio.css' type='text\/css' rel='stylesheet'\/><a href='https:\/\/maipo.biz\/index.php\/enviar-imagenes?c=7401&#038;m=si' ><button id='button1'>10&#215;13 cm &#8211; 0.59 \u20ac<\/button><\/a><br\/> \n<a href='https:\/\/maipo.biz\/index.php\/enviar-imagenes?c=7402&#038;m=si' ><button id='button1'>20&#215;27 cm &#8211; 2.45 \u20ac<\/button><\/a><br\/> \n<a href='https:\/\/maipo.biz\/index.php\/enviar-imagenes?c=7403&#038;m=si' ><button id='button1'>23&#215;31 cm &#8211; 3.2 \u20ac<\/button><\/a><br\/> \n\n\n\n\n<\/div>\n<\/div><\/div><\/div><\/div><\/div>\n\n\n<p>Con la impresi\u00f3n en lienzo, ll\u00e9vate tu foto revelada en Canvas de algod\u00f3n de 380 gramos . Las impresiones llevan un peque\u00f1o borde.<\/p>\n\n\n<div id=\"pl-gb655-69e05fc4ca853\"  class=\"panel-layout\" ><div id=\"pg-gb655-69e05fc4ca853-0\"  class=\"panel-grid panel-no-style\" ><div id=\"pgc-gb655-69e05fc4ca853-0-0\"  class=\"panel-grid-cell\" ><div id=\"panel-gb655-69e05fc4ca853-0-0-0\" class=\"so-panel widget widget_sow-image panel-first-child panel-last-child\" data-index=\"0\" ><div\n\t\t\t\n\t\t\tclass=\"so-widget-sow-image so-widget-sow-image-default-8b5b6f678277-655\"\n\t\t\t\n\t\t>\n<div class=\"sow-image-container\">\n\t\t<img \n\tdata-src=\"https:\/\/maipo.biz\/wp-content\/uploads\/2019\/02\/1P2191708.jpg\" width=\"500\" height=\"375\" data-sizes=\"(max-width: 500px) 100vw, 500px\" title=\"Foto de paisaje impresa en lienzo de algod\u00f3n\" alt=\"Detalle de impresi\u00f3n en papel lienzo\" \t\tclass=\"so-widget-image lazyload\" src=\"data:image\/svg+xml;base64,PHN2ZyB3aWR0aD0iMSIgaGVpZ2h0PSIxIiB4bWxucz0iaHR0cDovL3d3dy53My5vcmcvMjAwMC9zdmciPjwvc3ZnPg==\" style=\"--smush-placeholder-width: 500px; --smush-placeholder-aspect-ratio: 500\/375;\" \/>\n\t<\/div>\n\n<\/div><\/div><\/div><div id=\"pgc-gb655-69e05fc4ca853-0-1\"  class=\"panel-grid-cell\" ><div id=\"panel-gb655-69e05fc4ca853-0-1-0\" class=\"so-panel widget widget_sow-image panel-first-child panel-last-child\" data-index=\"1\" ><div\n\t\t\t\n\t\t\tclass=\"so-widget-sow-image so-widget-sow-image-default-8b5b6f678277-655\"\n\t\t\t\n\t\t>\n<div class=\"sow-image-container\">\n\t\t<img \n\tdata-src=\"https:\/\/maipo.biz\/wp-content\/uploads\/2019\/02\/1P2191709.jpg\" width=\"500\" height=\"375\" data-sizes=\"(max-width: 500px) 100vw, 500px\" title=\"Un plano detalle de la impresi\u00f3n en lienzo de Maipo\" alt=\"Un paisaje impreso en papel lienzo\" \t\tclass=\"so-widget-image lazyload\" src=\"data:image\/svg+xml;base64,PHN2ZyB3aWR0aD0iMSIgaGVpZ2h0PSIxIiB4bWxucz0iaHR0cDovL3d3dy53My5vcmcvMjAwMC9zdmciPjwvc3ZnPg==\" style=\"--smush-placeholder-width: 500px; --smush-placeholder-aspect-ratio: 500\/375;\" \/>\n\t<\/div>\n\n<\/div><\/div><\/div><\/div><\/div>\n\n\n<p><a href=\"https:\/\/maipo.biz\/contacto\/\">Contacta<\/a> si buscas impresiones a medida<\/p>\n\n\n\n<p>La <strong>impresi\u00f3n en papel lienzo de algod\u00f3n<\/strong> es un proceso que utiliza una tela de algod\u00f3n como soporte para la imagen, ofreciendo una textura y un acabado que imitan el estilo art\u00edstico de una pintura. Este tipo de impresi\u00f3n es muy popular para obras de arte, reproducciones fotogr\u00e1ficas de alta calidad y decoraci\u00f3n de interiores debido a su durabilidad y la apariencia sofisticada que ofrece. Aqu\u00ed te explico m\u00e1s detalles sobre c\u00f3mo es este tipo de impresi\u00f3n:<\/p>\n\n\n\n<h3 class=\"wp-block-heading\">Caracter\u00edsticas de la impresi\u00f3n en lienzo de algod\u00f3n:<\/h3>\n\n\n\n<h4 class=\"wp-block-heading\">1. <strong>Textura Natural y Art\u00edstica<\/strong><\/h4>\n\n\n\n<ul class=\"wp-block-list\">\n<li>El <strong>lienzo de algod\u00f3n<\/strong> tiene una textura \u00fanica y org\u00e1nica que da una sensaci\u00f3n de profundidad y riqueza a las im\u00e1genes impresas. Esta textura rugosa es m\u00e1s pronunciada que la de otros tipos de lienzo y puede imitar la sensaci\u00f3n de una pintura tradicional.<\/li>\n\n\n\n<li>Las fibras de algod\u00f3n hacen que la superficie sea m\u00e1s suave y natural, lo que da como resultado un acabado m\u00e1s aut\u00e9ntico y art\u00edstico.<\/li>\n<\/ul>\n\n\n\n<h4 class=\"wp-block-heading\">2. <strong>Colores Profundos y Ricos<\/strong><\/h4>\n\n\n\n<ul class=\"wp-block-list\">\n<li>El lienzo de algod\u00f3n es conocido por producir colores vibrantes y profundos. La textura del material no solo resalta los colores, sino que tambi\u00e9n proporciona una sensaci\u00f3n de profundidad y calidez a las im\u00e1genes.<\/li>\n\n\n\n<li>Aunque las im\u00e1genes pueden ser menos n\u00edtidas que en los papeles fotogr\u00e1ficos brillantes, el resultado final tiene un aire m\u00e1s suave y art\u00edstico, ideal para creaciones de estilo cl\u00e1sico o vintage.<\/li>\n<\/ul>\n\n\n\n<h4 class=\"wp-block-heading\">3. <strong>Durabilidad y Resistencia<\/strong><\/h4>\n\n\n\n<ul class=\"wp-block-list\">\n<li>Las impresiones en <strong>lienzo de algod\u00f3n<\/strong> son muy duraderas. El algod\u00f3n es un material fuerte y resistente, por lo que estas impresiones tienen una vida \u00fatil m\u00e1s larga que las impresiones en papel fotogr\u00e1fico tradicional.<\/li>\n\n\n\n<li>El lienzo de algod\u00f3n es menos susceptible al desgaste que otros materiales, lo que lo hace ideal para reproducciones que se van a colgar en paredes durante mucho tiempo.<\/li>\n<\/ul>\n\n\n\n<h4 class=\"wp-block-heading\">4. <strong>Acabado Mate o Satinado<\/strong><\/h4>\n\n\n\n<ul class=\"wp-block-list\">\n<li>El <strong>lienzo de algod\u00f3n<\/strong> generalmente tiene un acabado mate o ligeramente satinado. Esto significa que la superficie no tiene un brillo intenso como los papeles fotogr\u00e1ficos brillantes, lo que lo hace ideal para aquellos que prefieren un aspecto m\u00e1s sutil y elegante.<\/li>\n\n\n\n<li>El acabado mate tambi\u00e9n ayuda a reducir el reflejo bajo la luz, lo que mejora la visibilidad de la imagen desde diferentes \u00e1ngulos.<\/li>\n<\/ul>\n\n\n\n<h4 class=\"wp-block-heading\">5. <strong>Aspecto Similar a una Pintura<\/strong><\/h4>\n\n\n\n<ul class=\"wp-block-list\">\n<li>Debido a su textura y acabado, las impresiones en <strong>lienzo de algod\u00f3n<\/strong> a menudo se comparan con las pinturas tradicionales. Este tipo de impresi\u00f3n imita el estilo de una pintura al \u00f3leo o acr\u00edlica, lo que lo convierte en una opci\u00f3n popular para artistas y fot\u00f3grafos que desean darle a sus im\u00e1genes un toque cl\u00e1sico.<\/li>\n\n\n\n<li>Adem\u00e1s, muchas reproducciones de obras de arte famosas se imprimen en lienzo de algod\u00f3n para ofrecer una experiencia similar a la de una pintura original.<\/li>\n<\/ul>\n\n\n\n<h4 class=\"wp-block-heading\">6. <strong>Resistencia a la Luz y a la Descomposici\u00f3n<\/strong><\/h4>\n\n\n\n<ul class=\"wp-block-list\">\n<li>Las impresiones en <strong>lienzo de algod\u00f3n<\/strong> son generalmente m\u00e1s resistentes a la luz y a la descomposici\u00f3n que otras impresiones en papel, aunque a\u00fan deben protegerse de la luz solar directa. Algunas impresiones tambi\u00e9n incluyen un recubrimiento protector que ayuda a prevenir el desgaste causado por el tiempo y la exposici\u00f3n a la luz.<\/li>\n<\/ul>\n\n\n\n<h4 class=\"wp-block-heading\">7. <strong>Aplicaciones Comunes<\/strong><\/h4>\n\n\n\n<ul class=\"wp-block-list\">\n<li><strong>Arte y Fotograf\u00eda<\/strong>: Ideal para la reproducci\u00f3n de obras de arte o fotograf\u00edas de alta calidad que desean un toque art\u00edstico. Muchos fot\u00f3grafos y artistas imprimen sus trabajos en lienzo de algod\u00f3n para darles un aire m\u00e1s tradicional y sofisticado.<\/li>\n\n\n\n<li><strong>Decoraci\u00f3n de Interiores<\/strong>: Las impresiones en lienzo de algod\u00f3n son populares en la decoraci\u00f3n del hogar y la oficina debido a su elegancia y durabilidad. Se utilizan para crear piezas decorativas como cuadros, fotograf\u00edas personalizadas, paisajes y reproducciones de arte.<\/li>\n\n\n\n<li><strong>Regalos Personalizados<\/strong>: Muchas personas eligen las impresiones en lienzo de algod\u00f3n para regalar im\u00e1genes personalizadas o fotos familiares debido a su aspecto elegante y duradero.<\/li>\n<\/ul>\n\n\n\n<h4 class=\"wp-block-heading\">8. <strong>Costo<\/strong><\/h4>\n\n\n\n<ul class=\"wp-block-list\">\n<li>El <strong>lienzo de algod\u00f3n<\/strong> suele ser m\u00e1s caro que otros tipos de lienzo o materiales fotogr\u00e1ficos debido a la calidad superior del material y la t\u00e9cnica de impresi\u00f3n utilizada. Sin embargo, el precio es generalmente considerado razonable por la durabilidad y la est\u00e9tica que ofrece, especialmente si se busca una pieza art\u00edstica o decorativa que dure muchos a\u00f1os.<\/li>\n<\/ul>\n\n\n\n<h3 class=\"wp-block-heading\">En resumen:<\/h3>\n\n\n\n<p>La <strong>impresi\u00f3n en papel lienzo de algod\u00f3n<\/strong> es ideal para aquellos que buscan una opci\u00f3n duradera, elegante y art\u00edstica. Su textura \u00fanica, sus colores ricos y su apariencia que imita una pintura tradicional hacen que sea muy popular entre artistas, fot\u00f3grafos y personas que desean decorar sus hogares con im\u00e1genes de alta calidad. Con un acabado mate o satinado y una resistencia notable a la luz y al desgaste, el lienzo de algod\u00f3n ofrece un equilibrio perfecto entre est\u00e9tica y longevidad.<\/p>\n","protected":false},"excerpt":{"rendered":"<p>Elige tama\u00f1o para la impresi\u00f3n en papel lienzo Con la impresi\u00f3n en lienzo, ll\u00e9vate tu foto revelada en Canvas de algod\u00f3n de 380 gramos . Las impresiones llevan un peque\u00f1o borde. Contacta si buscas impresiones a medida La impresi\u00f3n en papel lienzo de algod\u00f3n es un proceso que utiliza una tela de algod\u00f3n como soporte [&hellip;]<\/p>\n","protected":false},"author":2,"featured_media":0,"parent":0,"menu_order":0,"comment_status":"closed","ping_status":"closed","template":"","meta":{"footnotes":""},"class_list":["post-655","page","type-page","status-publish","hentry","post"],"yoast_head":"<!-- This site is optimized with the Yoast SEO plugin v27.1.1 - https:\/\/yoast.com\/product\/yoast-seo-wordpress\/ -->\n<title>Impresi\u00f3n en papel lienzo de algod\u00f3n - Maipo<\/title>\n<meta name=\"description\" content=\"Impresion en papel lienzo con calidad FineArt.El gicle barato sobre canvas de algod\u00f3n ofrece acabado texturado y apariencia de pintura\" \/>\n<meta name=\"robots\" content=\"index, follow, max-snippet:-1, max-image-preview:large, max-video-preview:-1\" \/>\n<link rel=\"canonical\" href=\"https:\/\/maipo.biz\/index.php\/impresion-en-papel-lienzo\/\" \/>\n<meta property=\"og:locale\" content=\"es_ES\" \/>\n<meta property=\"og:type\" content=\"article\" \/>\n<meta property=\"og:title\" content=\"Impresi\u00f3n en papel lienzo de algod\u00f3n - Maipo\" \/>\n<meta property=\"og:description\" content=\"Impresion en papel lienzo con calidad FineArt.El gicle barato sobre canvas de algod\u00f3n ofrece acabado texturado y apariencia de pintura\" \/>\n<meta property=\"og:url\" content=\"https:\/\/maipo.biz\/index.php\/impresion-en-papel-lienzo\/\" \/>\n<meta property=\"og:site_name\" content=\"Maipo\" \/>\n<meta property=\"article:modified_time\" content=\"2025-03-03T16:19:35+00:00\" \/>\n<meta name=\"twitter:card\" content=\"summary_large_image\" \/>\n<meta name=\"twitter:label1\" content=\"Tiempo de lectura\" \/>\n\t<meta name=\"twitter:data1\" content=\"5 minutos\" \/>\n<script type=\"application\/ld+json\" class=\"yoast-schema-graph\">{\"@context\":\"https:\/\/schema.org\",\"@graph\":[{\"@type\":\"WebPage\",\"@id\":\"https:\/\/maipo.biz\/index.php\/impresion-en-papel-lienzo\/\",\"url\":\"https:\/\/maipo.biz\/index.php\/impresion-en-papel-lienzo\/\",\"name\":\"Impresi\u00f3n en papel lienzo de algod\u00f3n - Maipo\",\"isPartOf\":{\"@id\":\"https:\/\/maipo.biz\/#website\"},\"datePublished\":\"2019-02-08T17:24:19+00:00\",\"dateModified\":\"2025-03-03T16:19:35+00:00\",\"description\":\"Impresion en papel lienzo con calidad FineArt.El gicle barato sobre canvas de algod\u00f3n ofrece acabado texturado y apariencia de pintura\",\"breadcrumb\":{\"@id\":\"https:\/\/maipo.biz\/index.php\/impresion-en-papel-lienzo\/#breadcrumb\"},\"inLanguage\":\"es\",\"potentialAction\":[{\"@type\":\"ReadAction\",\"target\":[\"https:\/\/maipo.biz\/index.php\/impresion-en-papel-lienzo\/\"]}]},{\"@type\":\"BreadcrumbList\",\"@id\":\"https:\/\/maipo.biz\/index.php\/impresion-en-papel-lienzo\/#breadcrumb\",\"itemListElement\":[{\"@type\":\"ListItem\",\"position\":1,\"name\":\"Portada\",\"item\":\"https:\/\/maipo.biz\/\"},{\"@type\":\"ListItem\",\"position\":2,\"name\":\"Impresi\u00f3n en papel lienzo de algod\u00f3n\"}]},{\"@type\":\"WebSite\",\"@id\":\"https:\/\/maipo.biz\/#website\",\"url\":\"https:\/\/maipo.biz\/\",\"name\":\"Maipo\",\"description\":\"Impresi\u00f3n de fotos\",\"publisher\":{\"@id\":\"https:\/\/maipo.biz\/#\/schema\/person\/519679f9596a41b5dae91bd441f6e3f8\"},\"potentialAction\":[{\"@type\":\"SearchAction\",\"target\":{\"@type\":\"EntryPoint\",\"urlTemplate\":\"https:\/\/maipo.biz\/?s={search_term_string}\"},\"query-input\":{\"@type\":\"PropertyValueSpecification\",\"valueRequired\":true,\"valueName\":\"search_term_string\"}}],\"inLanguage\":\"es\"},{\"@type\":[\"Person\",\"Organization\"],\"@id\":\"https:\/\/maipo.biz\/#\/schema\/person\/519679f9596a41b5dae91bd441f6e3f8\",\"name\":\"H\u00e9ctor\",\"image\":{\"@type\":\"ImageObject\",\"inLanguage\":\"es\",\"@id\":\"https:\/\/maipo.biz\/#\/schema\/person\/image\/\",\"url\":\"https:\/\/maipo.biz\/wp-content\/uploads\/2024\/11\/cropped-logomaipolargo.png\",\"contentUrl\":\"https:\/\/maipo.biz\/wp-content\/uploads\/2024\/11\/cropped-logomaipolargo.png\",\"width\":1000,\"height\":285,\"caption\":\"H\u00e9ctor\"},\"logo\":{\"@id\":\"https:\/\/maipo.biz\/#\/schema\/person\/image\/\"}}]}<\/script>\n<!-- \/ Yoast SEO plugin. -->","yoast_head_json":{"title":"Impresi\u00f3n en papel lienzo de algod\u00f3n - Maipo","description":"Impresion en papel lienzo con calidad FineArt.El gicle barato sobre canvas de algod\u00f3n ofrece acabado texturado y apariencia de pintura","robots":{"index":"index","follow":"follow","max-snippet":"max-snippet:-1","max-image-preview":"max-image-preview:large","max-video-preview":"max-video-preview:-1"},"canonical":"https:\/\/maipo.biz\/index.php\/impresion-en-papel-lienzo\/","og_locale":"es_ES","og_type":"article","og_title":"Impresi\u00f3n en papel lienzo de algod\u00f3n - Maipo","og_description":"Impresion en papel lienzo con calidad FineArt.El gicle barato sobre canvas de algod\u00f3n ofrece acabado texturado y apariencia de pintura","og_url":"https:\/\/maipo.biz\/index.php\/impresion-en-papel-lienzo\/","og_site_name":"Maipo","article_modified_time":"2025-03-03T16:19:35+00:00","twitter_card":"summary_large_image","twitter_misc":{"Tiempo de lectura":"5 minutos"},"schema":{"@context":"https:\/\/schema.org","@graph":[{"@type":"WebPage","@id":"https:\/\/maipo.biz\/index.php\/impresion-en-papel-lienzo\/","url":"https:\/\/maipo.biz\/index.php\/impresion-en-papel-lienzo\/","name":"Impresi\u00f3n en papel lienzo de algod\u00f3n - Maipo","isPartOf":{"@id":"https:\/\/maipo.biz\/#website"},"datePublished":"2019-02-08T17:24:19+00:00","dateModified":"2025-03-03T16:19:35+00:00","description":"Impresion en papel lienzo con calidad FineArt.El gicle barato sobre canvas de algod\u00f3n ofrece acabado texturado y apariencia de pintura","breadcrumb":{"@id":"https:\/\/maipo.biz\/index.php\/impresion-en-papel-lienzo\/#breadcrumb"},"inLanguage":"es","potentialAction":[{"@type":"ReadAction","target":["https:\/\/maipo.biz\/index.php\/impresion-en-papel-lienzo\/"]}]},{"@type":"BreadcrumbList","@id":"https:\/\/maipo.biz\/index.php\/impresion-en-papel-lienzo\/#breadcrumb","itemListElement":[{"@type":"ListItem","position":1,"name":"Portada","item":"https:\/\/maipo.biz\/"},{"@type":"ListItem","position":2,"name":"Impresi\u00f3n en papel lienzo de algod\u00f3n"}]},{"@type":"WebSite","@id":"https:\/\/maipo.biz\/#website","url":"https:\/\/maipo.biz\/","name":"Maipo","description":"Impresi\u00f3n de fotos","publisher":{"@id":"https:\/\/maipo.biz\/#\/schema\/person\/519679f9596a41b5dae91bd441f6e3f8"},"potentialAction":[{"@type":"SearchAction","target":{"@type":"EntryPoint","urlTemplate":"https:\/\/maipo.biz\/?s={search_term_string}"},"query-input":{"@type":"PropertyValueSpecification","valueRequired":true,"valueName":"search_term_string"}}],"inLanguage":"es"},{"@type":["Person","Organization"],"@id":"https:\/\/maipo.biz\/#\/schema\/person\/519679f9596a41b5dae91bd441f6e3f8","name":"H\u00e9ctor","image":{"@type":"ImageObject","inLanguage":"es","@id":"https:\/\/maipo.biz\/#\/schema\/person\/image\/","url":"https:\/\/maipo.biz\/wp-content\/uploads\/2024\/11\/cropped-logomaipolargo.png","contentUrl":"https:\/\/maipo.biz\/wp-content\/uploads\/2024\/11\/cropped-logomaipolargo.png","width":1000,"height":285,"caption":"H\u00e9ctor"},"logo":{"@id":"https:\/\/maipo.biz\/#\/schema\/person\/image\/"}}]}},"_links":{"self":[{"href":"https:\/\/maipo.biz\/index.php\/wp-json\/wp\/v2\/pages\/655","targetHints":{"allow":["GET"]}}],"collection":[{"href":"https:\/\/maipo.biz\/index.php\/wp-json\/wp\/v2\/pages"}],"about":[{"href":"https:\/\/maipo.biz\/index.php\/wp-json\/wp\/v2\/types\/page"}],"author":[{"embeddable":true,"href":"https:\/\/maipo.biz\/index.php\/wp-json\/wp\/v2\/users\/2"}],"replies":[{"embeddable":true,"href":"https:\/\/maipo.biz\/index.php\/wp-json\/wp\/v2\/comments?post=655"}],"version-history":[{"count":0,"href":"https:\/\/maipo.biz\/index.php\/wp-json\/wp\/v2\/pages\/655\/revisions"}],"wp:attachment":[{"href":"https:\/\/maipo.biz\/index.php\/wp-json\/wp\/v2\/media?parent=655"}],"curies":[{"name":"wp","href":"https:\/\/api.w.org\/{rel}","templated":true}]}}